{"id":29,"date":"2021-07-22T07:18:10","date_gmt":"2021-07-22T07:18:10","guid":{"rendered":"http:\/\/labioplastyka.olsztyn.pl\/?page_id=29"},"modified":"2025-08-22T12:36:53","modified_gmt":"2025-08-22T12:36:53","slug":"home-3","status":"publish","type":"page","link":"https:\/\/labioplastyka.olsztyn.pl\/","title":{"rendered":"Home"},"content":{"rendered":"\n<div class=\"wp-block-cover alignfull has-background-dim-30 has-black-background-color has-background-dim has-parallax\" style=\"background-image:url(http:\/\/labioplastyka.olsztyn.pl\/wp-content\/uploads\/2022\/08\/labioplastyka-strona-glowna.jpg);min-height:800px\"><div class=\"wp-block-cover__inner-container\">\n<div class=\"wp-block-columns alignwide are-vertically-aligned-center\">\n<div class=\"wp-block-column is-vertically-aligned-center\">\n<hr class=\"wp-block-separator has-text-color has-background has-white-background-color has-white-color is-style-wide\"\/>\n\n\n\n<h3 class=\"has-text-align-center\">Chirurgiczna plastyka i&nbsp;rekonstrukcja sromu i pochwy w&nbsp;znieczuleniu miejscowym w&nbsp;120 minut<\/h3>\n\n\n\n<hr class=\"wp-block-separator has-text-color has-background has-white-background-color has-white-color is-style-wide\"\/>\n<\/div>\n<\/div>\n<\/div><\/div>\n\n\n\n<h6><a name=\"o-nas\"> <\/a><\/h6>\n\n\n\n<div style=\"height:50px\" aria-hidden=\"true\" class=\"wp-block-spacer\"><\/div>\n\n\n\n<hr class=\"wp-block-separator has-text-color has-background has-white-background-color has-white-color is-style-wide\"\/>\n\n\n\n<h4>Gabinet Ginekologii Estetycznej i Rekonstrukcyjnej w Olsztynie zaprasza.<\/h4>\n\n\n\n<p>Jeste\u015bmy o\u015brodkiem przeprowadzaj\u0105cym zabiegi w zakresie ginekologii estetycznej i rekonstrukcyjnej od 2012 roku. Lekarzem wykonuj\u0105cym zabiegi jest lek. Tomasz Banet, specjalista ginekologii i po\u0142o\u017cnictwa z dwudziestoletnim sta\u017cem pracy. Do\u015bwiadczenie zawodowe zdobywa\u0142 w licznych o\u015brodkach w kraju i za granic\u0105 (Wielka Brytania, Szkocja).<\/p>\n\n\n\n<p>Efekty przeprowadzonych zabieg\u00f3w s\u0105 dost\u0119pne w postaci zdj\u0119\u0107 wykonywanych pacjentkom przed i po zabiegu i udost\u0119pniane w trakcie konsultacji przed planowanym zabiegiem.<\/p>\n\n\n\n<p>Oczekiwania ka\u017cdej pacjentki traktujemy indywidualnie, dostosowuj\u0105c technik\u0119 zabiegow\u0105 do spodziewanych efekt\u00f3w.<\/p>\n\n\n\n<div style=\"height:70px\" aria-hidden=\"true\" class=\"wp-block-spacer\"><\/div>\n\n\n\n<div class=\"wp-block-cover alignfull has-background-dim-30 has-black-background-color has-background-dim has-parallax\" style=\"background-image:url(http:\/\/labioplastyka.olsztyn.pl\/wp-content\/uploads\/2022\/08\/labioplastyka-FAQ.jpg);min-height:600px\"><div class=\"wp-block-cover__inner-container\">\n<div class=\"wp-block-columns alignwide are-vertically-aligned-center\">\n<div class=\"wp-block-column is-vertically-aligned-center\">\n<h6><a name=\"ginekologia-estetyczna-faq\"> <\/a><\/h6>\n\n\n\n<hr class=\"wp-block-separator has-text-color has-background has-white-background-color has-white-color is-style-wide\"\/>\n\n\n\n<h2 class=\"has-text-align-center\">Ginekologia estetyczna FAQ<\/h2>\n\n\n\n<hr class=\"wp-block-separator has-text-color has-background has-white-background-color has-white-color is-style-wide\"\/>\n<\/div>\n<\/div>\n<\/div><\/div>\n\n\n\n<div style=\"height:90px\" aria-hidden=\"true\" class=\"wp-block-spacer\"><\/div>\n\n\n\n<p class=\"bez-margin\"><strong>\u21e8 Czy konieczna jest konsultacja przed wykonaniem zabiegu?<\/strong><\/p>\n\n\n\n<pre class=\"wp-block-preformatted\">\u2611 Tak, konsultacja jest niezb\u0119dna w celu ustalenia techniki zabiegowej i wyja\u015bnienia mo\u017cliwych powik\u0142a\u0144.<\/pre>\n\n\n\n<p class=\"bez-margin\"><strong>\u21e8 Jakie znieczulenie stosuje si\u0119 do przeprowadzenia zabieg\u00f3w na wargach sromowych i kroczu?<\/strong><\/p>\n\n\n\n<pre class=\"wp-block-preformatted\">\u2611 W naszym gabinecie stosujemy znieczulenie miejscowe (nasi\u0119kowe), kt\u00f3re daje najmniej powik\u0142a\u0144 i pacjentka mo\u017ce uda\u0107 si\u0119 do domu bezpo\u015brednio po zabiegu. Efekt znieczulenia utrzymuje si\u0119 oko\u0142o godziny po zabiegu, p\u00f3\u017aniej zwykle niezb\u0119dne jest zastosowanie lek\u00f3w przeciwb\u00f3lowych.<\/pre>\n\n\n\n<p class=\"bez-margin\"><strong>\u21e8 Czy przed zabiegiem niezb\u0119dne jest wykonanie wykonanie bada\u0144 krwi?<\/strong><\/p>\n\n\n\n<pre class=\"wp-block-preformatted\">\u2611 Tak, niezb\u0119dne badania to: morfologia krwi, bia\u0142ko CRP, APTT, HIV, HCV - wykonanie tych bada\u0144 jest zlecane w trakcie pierwszej konsultacji przed zabiegiem.<\/pre>\n\n\n\n<p class=\"bez-margin\"><strong>\u21e8 Jak d\u0142ugo trwa rekonwalescencja po zabiegu?<\/strong><\/p>\n\n\n\n<pre class=\"wp-block-preformatted\">\u2611 Po siedmiu dniach od zabiegu zdejmowane s\u0105 szwy, natomiast pe\u0142n\u0105 sprawno\u015b\u0107 i brak ogranicze\u0144 co do aktywno\u015bci fizycznej i seksualnej pacjentka osi\u0105ga po czterech tygodniach od wykonania zabiegu.<\/pre>\n\n\n\n<p class=\"bez-margin\"><strong>\u21e8 Czy zabieg mo\u017ce by\u0107 wykonany u kobiety niepe\u0142noletniej?<\/strong><\/p>\n\n\n\n<pre class=\"wp-block-preformatted\">\u2611 Tak, taki zabieg mo\u017ce by\u0107 wykonany po po uzyskaniu zgody pacjentki oraz jej opiekuna prawnego.<\/pre>\n\n\n\n<p class=\"bez-margin\"><strong>\u21e8 Ile trwa zabieg labioplastyki (krocza)?<\/strong><\/p>\n\n\n\n<pre class=\"wp-block-preformatted\">\u2611 Obustronny zabieg labioplastyki warg sromowych mniejszych trwa oko\u0142o 120 min je\u015bli przebiega bez powik\u0142a\u0144. Poszerzenie zabiegu o plastyk\u0119 krocza mo\u017ce wyd\u0142u\u017cy\u0107 zabieg.<\/pre>\n\n\n\n<p class=\"bez-margin\"><strong>\u21e8 Jakie s\u0105 mo\u017cliwe powik\u0142ania po zabiegu labioplastyki b\u0105d\u017a krocza?<\/strong><\/p>\n\n\n\n<pre class=\"wp-block-preformatted\">\u2611 Najcz\u0119\u015bciej wyst\u0119puj\u0105ce objawy niepo\u017c\u0105dane to: a) zasinienia czyli krwiaki podsk\u00f3rne, kt\u00f3re wch\u0142aniaj\u0105 si\u0119 bez pozostawienia \u015bladu po oko\u0142o dw\u00f3ch tygodniach. b) bardzo rzadko miejscowe zaka\u017cenie (aby zminimalizowa\u0107 takie ryzyko podawana jest jednorazowa dawka antybiotyku) c) bliznowce u os\u00f3b z predyspozycj\u0105 do takich zmian d) wyj\u0105tkowo rzadko mo\u017ce doj\u015b\u0107 do rozej\u015bcia si\u0119 brzeg\u00f3w rany i gojenia przez tak zwane ziarninowanie. e) ci\u0119\u017ckie, zagra\u017caj\u0105ce \u017cyciu powik\u0142ania nie wyst\u0119puj\u0105 o ile nie pojawi si\u0119 silna reakcja uczuleniowa na podawany lek znieczulaj\u0105cy.<\/pre>\n\n\n\n<p class=\"bez-margin\"><strong>\u21e8 Czy mo\u017cliwe jest jednoczesne wykonanie zabiegu labioplastyki i plastyki krocza?<\/strong><\/p>\n\n\n\n<pre class=\"wp-block-preformatted\">\u2611 Tak, jest to mo\u017cliwe.<\/pre>\n\n\n\n<p class=\"bez-margin\"><strong>\u21e8 Czy mo\u017cliwe jest uzyskanie zwolnienia lekarskiego po zabiegu labioplastyki lub krocza?<\/strong><\/p>\n\n\n\n<pre class=\"wp-block-preformatted\">\u2611 Je\u015bli wyst\u0119puj\u0105 dolegliwo\u015bci uniemo\u017cliwiaj\u0105ce wykonywanie pracy jest to mo\u017cliwe.<\/pre>\n\n\n\n<div style=\"height:70px\" aria-hidden=\"true\" class=\"wp-block-spacer\"><\/div>\n\n\n\n<div class=\"wp-block-cover alignfull has-background-dim-30 has-black-background-color has-background-dim has-parallax\" style=\"background-image:url(http:\/\/labioplastyka.olsztyn.pl\/wp-content\/uploads\/2022\/08\/labioplastyka-zabiegi-i-techniki.jpg);min-height:600px\"><div class=\"wp-block-cover__inner-container\">\n<div class=\"wp-block-columns alignwide are-vertically-aligned-center\">\n<div class=\"wp-block-column is-vertically-aligned-center\">\n<h6><a name=\"zabiegi-i-techniki\"> <\/a><\/h6>\n\n\n\n<hr class=\"wp-block-separator has-text-color has-background has-white-background-color has-white-color is-style-wide\"\/>\n\n\n\n<h2 class=\"has-text-align-center\">Zabiegi i techniki<\/h2>\n\n\n\n<hr class=\"wp-block-separator has-text-color has-background has-white-background-color has-white-color is-style-wide\"\/>\n<\/div>\n<\/div>\n<\/div><\/div>\n\n\n\n<div style=\"height:90px\" aria-hidden=\"true\" class=\"wp-block-spacer\"><\/div>\n\n\n\n<p><strong>\u21e8<\/strong> <strong>Labiominoroplastyka<\/strong> (labioplastyka warg sromowych mniejszych maj\u0105ca na celu zmniejszenie ich obj\u0119to\u015bci). Technika zabiegu jest dobierana indywidualnie w zale\u017cno\u015bci od preferencji pacjentki jak i mo\u017cliwo\u015bci technicznych jej wykonania.<\/p>\n\n\n\n<pre class=\"wp-block-preformatted\">\u2611 trimplasty - mo\u017ce by\u0107 wykonana ci\u0119ciem prostym przebiegaj\u0105cym r\u00f3wnolegle do wolnego fa\u0142du <strong>wargi sromowej<\/strong> mniejszej. Zalety tej techniki to mniejszy odsetek utrudnionego gojenia si\u0119 rany, usuni\u0119cie przebarwionego i cz\u0119sto mocno zrogowacia\u0142ego nask\u00f3rka w obr\u0119bie wolnego fa\u0142du <strong>wargi sromowej<\/strong> mniejszej. Blizna po ci\u0119ciu, kt\u00f3re przebiega wzd\u0142u\u017c ca\u0142ej d\u0142ugo\u015bci <strong>wargi sromowej<\/strong> mniejszej jest po ok. 6 miesi\u0105cach ca\u0142kowicie niewidoczna.<\/pre>\n\n\n\n<pre class=\"wp-block-preformatted\">\u2611 V-shaped plasty. Polega ona na wyci\u0119ciu fragmentu wolnego fa\u0142du <strong>wargi sromowej<\/strong> mniejszej w jej \u015brodkowej cz\u0119\u015bci, w kszta\u0142cie litery V. Pozosta\u0142e, wolne brzegi zszywa si\u0119 razem. Zalet\u0105 tej metody to zachowanie wi\u0119kszo\u015bci wolnego fa\u0142du <strong>wargi sromowej<\/strong> z jej unerwieniem. Wad\u0105 jest nieco wi\u0119ksze prawdopodobie\u0144stwo rozej\u015bcia si\u0119 brzeg\u00f3w rany pod wp\u0142ywem napi\u0119cia tkanek jak r\u00f3wnie\u017c fakt i\u017c nie mo\u017cna tej techniki zastosowa\u0107 u pacjentek z du\u017c\u0105 asymetri\u0105 g\u00f3rnej cz\u0119\u015bci fa\u0142du w stosunku do jej dolnej cz\u0119\u015bci.<\/pre>\n\n\n\n<pre class=\"wp-block-preformatted\">\u2611 technika deepitelializacji - polega na usuni\u0119ciu nab\u0142onka w kszta\u0142cie trapezu, po przy\u015brodkowej i bocznej powierzchni wargi sromowej mniejszej, pozostawiaj\u0105c nienaruszony, wolny brzeg wargi. Technika ta pozwala w pe\u0142ni zachowa\u0107 unaczynienie i unerwienie warg sromowych mniejszych. Wad\u0105 jest mo\u017cliwe zwi\u0119kszenie grubo\u015bci wargi, szczeg\u00f3lnie przy du\u017cym przero\u015bcie.<\/pre>\n\n\n\n<pre class=\"wp-block-preformatted\">\u2611 technika polegaj\u0105ca na redukcji nadmiaru fa\u0142du sk\u00f3rnego obu warg sromowych mniejszych, przy pomocy wyci\u0119cia dw\u00f3ch fa\u0142d\u00f3w sk\u00f3rnych w kszta\u0142cie tr\u00f3jk\u0105ta obejmuj\u0105cych wewn\u0119trzn\u0105 i zewn\u0119trzn\u0105 powierzchni\u0119 warg sromowych w jej dolnej cz\u0119\u015bci. Po redukcji nadmiaru fa\u0142du sk\u00f3rnego, pozosta\u0142a g\u00f3rna cz\u0119\u015b\u0107 fa\u0142du wargi sromowej mniejszej jest przemieszczana w kierunku tzw. spoid\u0142a tylnego. Sk\u00f3ra na wewn\u0119trznej i zewn\u0119trznej powierzchni jest zaopatrywana jest szwem ci\u0105g\u0142ym niewch\u0142anialnym<\/pre>\n\n\n\n<p><strong>\u21e8<\/strong> <strong>Labiomaioroplastyka<\/strong> (labioplastyka&nbsp;<strong>warg sromowych<\/strong>&nbsp;wi\u0119kszych)<\/p>\n\n\n\n<pre class=\"wp-block-preformatted\">\u2611 plastyka maj\u0105ca na celu ich zmniejszenie ich obj\u0119to\u015bci. W znieczuleniu miejscowym lub przewodowym wykonywane jest ci\u0119cie w postaci litery V. Nast\u0119pnie brzegi rany s\u0105 zszywane tak i\u017c blizna przebiega poprzecznie w stosunku do wolnego fa\u0142du <strong>warg sromowych<\/strong> wi\u0119kszych.<\/pre>\n\n\n\n<pre class=\"wp-block-preformatted\">\u2611 plastyka maj\u0105ca na celu ich zwi\u0119kszenie ich obj\u0119to\u015bci. Powi\u0119kszenie <strong>warg sromowych<\/strong> wi\u0119kszych wykonujemy wykorzystuj\u0105c preparat kwasu hialuronowego Desirial. W znieczuleniu miejscowym preparat jest rozprowadzany r\u00f3wnolegle do osi d\u0142ugiej <strong>warg sromowych<\/strong> wi\u0119kszych. Efekt utrzymuje si\u0119 ok. 2 lata.<\/pre>\n\n\n\n<p><strong>\u21e8 Kolpoperineoplastyka<\/strong> (plastyka wej\u015bcia do pochwy).<\/p>\n\n\n\n<pre class=\"wp-block-preformatted\">\u2611 Wykonywana w sytuacji szerokiego wej\u015bcia do pochwy spowodowanego licznymi porodami lub urazami oko\u0142oporodowymi, w tym naci\u0119ciem krocza. W znieczuleniu miejscowym lub przewodowym usuwany jest nadmiar tkanki w okolicy tylnej \u015bciany pochwy oraz tzw. tylnego spoid\u0142a <strong>warg sromowych<\/strong> (okolica w pobli\u017cu odbytu) nast\u0119pnie brzegi rany zszywane s\u0105 tak \u017ce blizna przebiega wzd\u0142u\u017c osi d\u0142ugiej pochwy. Efektem jest zw\u0119\u017cenie wej\u015bcia do pochwy i wzmocnienie jej tylnej \u015bciany zaraz przy wej\u015bciu do pochwy.<\/pre>\n\n\n\n<p><strong>\u21e8 Zabieg Fentona<\/strong> &#8211; odwrotno\u015b\u0107 zabiegu kolpoperineoplastyki.<\/p>\n\n\n\n<pre class=\"wp-block-preformatted\">\u2611 W sytuacji nadmiernego zw\u0119\u017cenia wej\u015bcia do pochwy, np. po nieprawid\u0142owym zszyciu oko\u0142oporodowego naci\u0119cia krocza wyst\u0119puje tzw. wysokie krocze. Powoduje to mechaniczne uszkodzenia fa\u0142du zw\u0119\u017caj\u0105cego wej\u015bcie do pochwy od strony jej tylnej \u015bciany. Zabieg polega na wyci\u0119ciu namiaru tkanki w kszta\u0142cie romboidalnym i zszyciu brzeg\u00f3w rany tak, \u017ce rana przebiega poprzecznie do osi d\u0142ugiej pochwy co powoduje poszerzenie jej wej\u015bcia i obni\u017cenie \u201ewysokiego krocza\u201d<\/pre>\n\n\n\n<p><strong>\u21e8<\/strong> <strong>Hymenoplastyka<\/strong><\/p>\n\n\n\n<pre class=\"wp-block-preformatted\">\u2611 rekonstrukcja b\u0142ony dziewiczej \u2013 w znieczuleniu miejscowym lub regionalnym zostaje wyci\u0119ty fragment b\u0142ony dziewiczej w miejscu jej naturalnego przerwania. Nast\u0119pnie wolne brzegi rany s\u0105 zszywane 2-warstwowo szwami wch\u0142anialnymi.<\/pre>\n\n\n\n<pre class=\"wp-block-preformatted\">\u2611 naci\u0119cie b\u0142ony dziewiczej \u2013 w znieczuleniu miejscowym wykonanych zostaje kilka naci\u0119\u0107 w fa\u0142dzie b\u0142ony dziewiczej. Ewentualne krwawienie jest zaopatrywane szwami wch\u0142anialnymi lub koagulacj\u0105 elektryczn\u0105.<\/pre>\n\n\n\n<div style=\"height:70px\" aria-hidden=\"true\" class=\"wp-block-spacer\"><\/div>\n\n\n\n<div class=\"wp-block-cover alignfull has-background-dim-30 has-black-background-color has-background-dim has-parallax\" style=\"background-image:url(http:\/\/labioplastyka.olsztyn.pl\/wp-content\/uploads\/2022\/08\/labioplastyka-cennik.jpg);min-height:600px\"><div class=\"wp-block-cover__inner-container\">\n<div class=\"wp-block-columns alignwide are-vertically-aligned-center\">\n<div class=\"wp-block-column is-vertically-aligned-center\">\n<h6><a name=\"cennik\"> <\/a><\/h6>\n\n\n\n<hr class=\"wp-block-separator has-text-color has-background has-white-background-color has-white-color is-style-wide\"\/>\n\n\n\n<h2 class=\"has-text-align-center\">Cennik<\/h2>\n\n\n\n<hr class=\"wp-block-separator has-text-color has-background has-white-background-color has-white-color is-style-wide\"\/>\n<\/div>\n<\/div>\n<\/div><\/div>\n\n\n\n<div style=\"height:90px\" aria-hidden=\"true\" class=\"wp-block-spacer\"><\/div>\n\n\n\n<figure class=\"wp-block-table\"><table><tbody>\n<tr><td>1.&nbsp;<strong>Plastyka warg sromowych mniejszych<\/strong> &#8211; labiominoroplastyka<\/td><td width=\"110px\" style=\"text-align:right;\">od 6 500 z\u0142<\/td><\/tr>\n<tr><td>2.&nbsp;<strong>Plastyka fa\u0142d\u00f3w sk\u00f3rnych powy\u017cej \u0142echtaczki<\/strong><\/td><td style=\"text-align:right;\">1 000 z\u0142<\/td><\/tr>\n<tr><td colspan=\"2\">3.&nbsp;<strong>Plastyka warg sromowych wi\u0119kszych<\/strong> &#8211; labiomajoroplastyka<\/td><\/tr>\n<tr><td>&#8211; zmniejszenie obj\u0119to\u015bci wargi sromowej wi\u0119kszej<\/td><td style=\"text-align:right;\">od 7 000 z\u0142<\/td><\/tr>\n<tr><td>&#8211; zwi\u0119kszenie obj\u0119to\u015bci wargi sromowej wi\u0119kszej<\/td><td style=\"text-align:right;\">2 000 z\u0142<\/td><\/tr>\n<tr><td>4.&nbsp;<strong>Plastyka przedsionka pochwy i krocza<\/strong> &#8211; kolpoperineoplastyka<\/td><td style=\"text-align:right;\">od 7 000 z\u0142<\/td><\/tr>\n<tr><td>5.&nbsp;<strong>Zabieg Fentona<\/strong> (poszerzenie wej\u015bcia do pochwy)<\/td><td style=\"text-align:right;\">2 000 z\u0142<\/td><\/tr>\n<tr><td colspan=\"2\">6.&nbsp;<strong>Plastyka b\u0142ony dziewiczej<\/strong> &#8211; hymenoplastyka<\/td><\/tr>\n<tr><td>&#8211; naci\u0119cie b\u0142ony dziewiczej<\/td><td style=\"text-align:right;\">1 000 z\u0142<\/td><\/tr>\n<\/tbody><\/table><\/figure>\n\n\n\n<div style=\"height:90px\" aria-hidden=\"true\" class=\"wp-block-spacer\"><\/div>\n\n\n\n<h6><a name=\"kontakt\"> <\/a><\/h6>\n","protected":false},"excerpt":{"rendered":"<p>Gabinet Ginekologii Estetycznej i Rekonstrukcyjnej w Olsztynie zaprasza. Jeste\u015bmy o\u015brodkiem przeprowadzaj\u0105cym zabiegi w zakresie ginekologii estetycznej i rekonstrukcyjnej od 2012 roku. Lekarzem wykonuj\u0105cym zabiegi jest lek. Tomasz Banet, specjalista ginekologii i po\u0142o\u017cnictwa z dwudziestoletnim sta\u017cem pracy. Do\u015bwiadczenie zawodowe zdobywa\u0142 w licznych o\u015brodkach w kraju i za granic\u0105 (Wielka Brytania, Szkocja). Efekty przeprowadzonych zabieg\u00f3w s\u0105 dost\u0119pne &hellip;<\/p>\n<p class=\"read-more\"> <a class=\"\" href=\"https:\/\/labioplastyka.olsztyn.pl\/\"> <span class=\"screen-reader-text\">Home<\/span> Read More &raquo;<\/a><\/p>\n","protected":false},"author":2,"featured_media":0,"parent":0,"menu_order":0,"comment_status":"closed","ping_status":"closed","template":"","meta":[],"_links":{"self":[{"href":"https:\/\/labioplastyka.olsztyn.pl\/index.php\/wp-json\/wp\/v2\/pages\/29"}],"collection":[{"href":"https:\/\/labioplastyka.olsztyn.pl\/index.php\/wp-json\/wp\/v2\/pages"}],"about":[{"href":"https:\/\/labioplastyka.olsztyn.pl\/index.php\/wp-json\/wp\/v2\/types\/page"}],"author":[{"embeddable":true,"href":"https:\/\/labioplastyka.olsztyn.pl\/index.php\/wp-json\/wp\/v2\/users\/2"}],"replies":[{"embeddable":true,"href":"https:\/\/labioplastyka.olsztyn.pl\/index.php\/wp-json\/wp\/v2\/comments?post=29"}],"version-history":[{"count":225,"href":"https:\/\/labioplastyka.olsztyn.pl\/index.php\/wp-json\/wp\/v2\/pages\/29\/revisions"}],"predecessor-version":[{"id":827,"href":"https:\/\/labioplastyka.olsztyn.pl\/index.php\/wp-json\/wp\/v2\/pages\/29\/revisions\/827"}],"wp:attachment":[{"href":"https:\/\/labioplastyka.olsztyn.pl\/index.php\/wp-json\/wp\/v2\/media?parent=29"}],"curies":[{"name":"wp","href":"https:\/\/api.w.org\/{rel}","templated":true}]}}